{"id":269,"date":"2025-05-28T11:36:26","date_gmt":"2025-05-28T09:36:26","guid":{"rendered":"https:\/\/lomdopolavoro.com\/?page_id=269"},"modified":"2025-05-28T11:45:34","modified_gmt":"2025-05-28T09:45:34","slug":"termini-e-condizioni","status":"publish","type":"page","link":"https:\/\/lomdopolavoro.com\/it\/termini-e-condizioni\/","title":{"rendered":"Termini e condizioni"},"content":{"rendered":"\t\t<div data-elementor-type=\"wp-page\" data-elementor-id=\"269\" class=\"elementor elementor-269\" data-elementor-post-type=\"page\">\n\t\t\t\t<div class=\"elementor-element elementor-element-537112b e-flex e-con-boxed e-con e-parent\" data-id=\"537112b\" data-element_type=\"container\">\n\t\t\t\t\t<div class=\"e-con-inner\">\n\t\t\t\t<div class=\"elementor-element elementor-element-3c1db99 elementor-widget elementor-widget-heading\" data-id=\"3c1db99\" data-element_type=\"widget\" data-widget_type=\"heading.default\">\n\t\t\t\t<div class=\"elementor-widget-container\">\n\t\t\t\t\t<h1 class=\"elementor-heading-title elementor-size-default\">Termini e condizioni<\/h1>\t\t\t\t<\/div>\n\t\t\t\t<\/div>\n\t\t\t\t<div class=\"elementor-element elementor-element-c88e69d elementor-widget elementor-widget-heading\" data-id=\"c88e69d\" data-element_type=\"widget\" data-widget_type=\"heading.default\">\n\t\t\t\t<div class=\"elementor-widget-container\">\n\t\t\t\t\t<h2 class=\"elementor-heading-title elementor-size-default\">1. Accettazione delle Condizioni<\/h2>\t\t\t\t<\/div>\n\t\t\t\t<\/div>\n\t\t\t\t<div class=\"elementor-element elementor-element-01f3913 elementor-widget elementor-widget-text-editor\" data-id=\"01f3913\" data-element_type=\"widget\" data-widget_type=\"text-editor.default\">\n\t\t\t\t<div class=\"elementor-widget-container\">\n\t\t\t\t\t\t\t\t\t<p>L\u2019accesso al sito e l\u2019inoltro di qualsiasi ordine implicano l\u2019accettazione integrale delle presenti Condizioni Generali, in aggiunta alle norme del Codice del Consumo (D.L. 6 settembre 2005, n. 206 e ss.mm.ii.). Si invita l\u2019utente a prenderne visione prima di procedere.<\/p>\t\t\t\t\t\t\t\t<\/div>\n\t\t\t\t<\/div>\n\t\t\t\t<div class=\"elementor-element elementor-element-920f02e elementor-widget elementor-widget-heading\" data-id=\"920f02e\" data-element_type=\"widget\" data-widget_type=\"heading.default\">\n\t\t\t\t<div class=\"elementor-widget-container\">\n\t\t\t\t\t<h2 class=\"elementor-heading-title elementor-size-default\">2. Descrizione del Servizio\u2028<\/h2>\t\t\t\t<\/div>\n\t\t\t\t<\/div>\n\t\t\t\t<div class=\"elementor-element elementor-element-aa0343c elementor-widget elementor-widget-text-editor\" data-id=\"aa0343c\" data-element_type=\"widget\" data-widget_type=\"text-editor.default\">\n\t\t\t\t<div class=\"elementor-widget-container\">\n\t\t\t\t\t\t\t\t\tLa piattaforma consente di ordinare prodotti e riceverli direttamente al tavolo (\u201cServizio\u201d). Gli orari e le aree di operativit\u00e0 sono quelli indicati sul sito dal Ristoratore.\n\t\t\t\t\t\t\t\t<\/div>\n\t\t\t\t<\/div>\n\t\t\t\t<div class=\"elementor-element elementor-element-66ba731 elementor-widget elementor-widget-heading\" data-id=\"66ba731\" data-element_type=\"widget\" data-widget_type=\"heading.default\">\n\t\t\t\t<div class=\"elementor-widget-container\">\n\t\t\t\t\t<h2 class=\"elementor-heading-title elementor-size-default\">3. Creazione Account e Modalit\u00e0 di Ordinazione\u2028<\/h2>\t\t\t\t<\/div>\n\t\t\t\t<\/div>\n\t\t\t\t<div class=\"elementor-element elementor-element-dc4d5cd elementor-widget elementor-widget-text-editor\" data-id=\"dc4d5cd\" data-element_type=\"widget\" data-widget_type=\"text-editor.default\">\n\t\t\t\t<div class=\"elementor-widget-container\">\n\t\t\t\t\t\t\t\t\t<p>Per inviare un ordine \u00e8 obbligatorio registrarsi e creare un Account personale, la cui sicurezza e uso improprio sono a carico dell\u2019utente. In caso di inadempienze o pagamenti non effettuati, l\u2019Account potr\u00e0 essere sospeso o chiuso. L\u2019ordine minimo richiesto \u00e8 segnalato dal Ristoratore. Al momento della conferma dell\u2019ordine via e-mail, il Servizio si considera perfezionato. In mancanza di conferma automatica, contattare il Ristoratore.<\/p>\t\t\t\t\t\t\t\t<\/div>\n\t\t\t\t<\/div>\n\t\t\t\t<div class=\"elementor-element elementor-element-fb04b0e elementor-widget elementor-widget-heading\" data-id=\"fb04b0e\" data-element_type=\"widget\" data-widget_type=\"heading.default\">\n\t\t\t\t<div class=\"elementor-widget-container\">\n\t\t\t\t\t<h2 class=\"elementor-heading-title elementor-size-default\">4. Prenotazione Tavoli e Pagamenti Anticipati\u2028<\/h2>\t\t\t\t<\/div>\n\t\t\t\t<\/div>\n\t\t\t\t<div class=\"elementor-element elementor-element-bca29c7 elementor-widget elementor-widget-text-editor\" data-id=\"bca29c7\" data-element_type=\"widget\" data-widget_type=\"text-editor.default\">\n\t\t\t\t<div class=\"elementor-widget-container\">\n\t\t\t\t\t\t\t\t\t<p>Oltre all\u2019ordinazione al tavolo, la piattaforma supporta la prenotazione con addebito anticipato. Per tali prenotazioni si applicano le seguenti condizioni:<\/p><ul><li>Ogni richiesta extra o variazione verr\u00e0 fatturata a consuntivo.<\/li><li>Anticipo pari al 30 % dell\u2019importo totale, da versare entro 30 giorni precedenti l\u2019evento.<\/li><li>In caso di cancellazione della prenotazione entro 30 giorni dalla data dell\u2019evento, verr\u00e0 addebitato il 20 % dell\u2019importo.<\/li><li>Se il numero effettivo di partecipanti \u00e8 inferiore al minimo garantito, sar\u00e0 fatturato l\u2019intero importo originario.<\/li><li>Il saldo residuo dovr\u00e0 essere corrisposto secondo quanto indicato in fattura o scontrino.<\/li><\/ul>\t\t\t\t\t\t\t\t<\/div>\n\t\t\t\t<\/div>\n\t\t\t\t<div class=\"elementor-element elementor-element-851d676 elementor-widget elementor-widget-heading\" data-id=\"851d676\" data-element_type=\"widget\" data-widget_type=\"heading.default\">\n\t\t\t\t<div class=\"elementor-widget-container\">\n\t\t\t\t\t<h2 class=\"elementor-heading-title elementor-size-default\">5. Disponibilit\u00e0 e Descrizione dei Prodotti\u2028<\/h2>\t\t\t\t<\/div>\n\t\t\t\t<\/div>\n\t\t\t\t<div class=\"elementor-element elementor-element-91f5856 elementor-widget elementor-widget-text-editor\" data-id=\"91f5856\" data-element_type=\"widget\" data-widget_type=\"text-editor.default\">\n\t\t\t\t<div class=\"elementor-widget-container\">\n\t\t\t\t\t\t\t\t\tTutti gli articoli possono essere ordinati solo se disponibili. In presenza di allergie o intolleranze, l\u2019utente deve contattare il Ristoratore per verificare l\u2019idoneit\u00e0 del prodotto, oltre a leggere le informazioni presenti sul sito.\n\t\t\t\t\t\t\t\t<\/div>\n\t\t\t\t<\/div>\n\t\t\t\t<div class=\"elementor-element elementor-element-907813e elementor-widget elementor-widget-heading\" data-id=\"907813e\" data-element_type=\"widget\" data-widget_type=\"heading.default\">\n\t\t\t\t<div class=\"elementor-widget-container\">\n\t\t\t\t\t<h2 class=\"elementor-heading-title elementor-size-default\">6. Tempi e Modalit\u00e0 di Consegna\u2028<\/h2>\t\t\t\t<\/div>\n\t\t\t\t<\/div>\n\t\t\t\t<div class=\"elementor-element elementor-element-47fab12 elementor-widget elementor-widget-text-editor\" data-id=\"47fab12\" data-element_type=\"widget\" data-widget_type=\"text-editor.default\">\n\t\t\t\t<div class=\"elementor-widget-container\">\n\t\t\t\t\t\t\t\t\t<p class=\"p1\">I tempi di consegna possono subire variazioni in funzione del volume ordini e della congestione del servizio.<\/p>\t\t\t\t\t\t\t\t<\/div>\n\t\t\t\t<\/div>\n\t\t\t\t<div class=\"elementor-element elementor-element-38a1a1e elementor-widget elementor-widget-heading\" data-id=\"38a1a1e\" data-element_type=\"widget\" data-widget_type=\"heading.default\">\n\t\t\t\t<div class=\"elementor-widget-container\">\n\t\t\t\t\t<h2 class=\"elementor-heading-title elementor-size-default\">7. Cancellazione Ordini e Diritto di Recesso\u2028<\/h2>\t\t\t\t<\/div>\n\t\t\t\t<\/div>\n\t\t\t\t<div class=\"elementor-element elementor-element-ad0ed42 elementor-widget elementor-widget-text-editor\" data-id=\"ad0ed42\" data-element_type=\"widget\" data-widget_type=\"text-editor.default\">\n\t\t\t\t<div class=\"elementor-widget-container\">\n\t\t\t\t\t\t\t\t\t<p class=\"p1\">L\u2019utente pu\u00f2 annullare l\u2019ordine solo se effettuato entro breve termine e prima che il Ristoratore prenda in carico la richiesta; altrimenti il costo verr\u00e0 interamente addebitato. Il Ristoratore si riserva il diritto di cancellare l\u2019ordine in qualsiasi momento, informando tempestivamente l\u2019utente. In caso di annullamento valido, ogni somma gi\u00e0 versata sar\u00e0 rimborsata con le stesse modalit\u00e0 di pagamento ed effettuata sullo stesso mezzo utilizzato in fase di prenotazione\u201d. Il diritto di recesso non si applica ai prodotti alimentari preparati su misura ai sensi dell\u2019art. 59 del Codice del Consumo.<\/p>\t\t\t\t\t\t\t\t<\/div>\n\t\t\t\t<\/div>\n\t\t\t\t<div class=\"elementor-element elementor-element-5b2a92b elementor-widget elementor-widget-heading\" data-id=\"5b2a92b\" data-element_type=\"widget\" data-widget_type=\"heading.default\">\n\t\t\t\t<div class=\"elementor-widget-container\">\n\t\t\t\t\t<h2 class=\"elementor-heading-title elementor-size-default\">8. Prezzi e Metodi di Pagamento\u2028<\/h2>\t\t\t\t<\/div>\n\t\t\t\t<\/div>\n\t\t\t\t<div class=\"elementor-element elementor-element-da2b499 elementor-widget elementor-widget-text-editor\" data-id=\"da2b499\" data-element_type=\"widget\" data-widget_type=\"text-editor.default\">\n\t\t\t\t<div class=\"elementor-widget-container\">\n\t\t\t\t\t\t\t\t\t<p class=\"p1\">I prezzi, comprensivi di IVA, sono indicati sul sito, insieme alle eventuali spese di servizio. Il totale verr\u00e0 riepilogato prima della conferma dell\u2019ordine. I pagamenti possono essere eseguiti con carta di credito, carta di debito, PayPal o, se abilitato, in contanti al momento della consegna.<\/p>\t\t\t\t\t\t\t\t<\/div>\n\t\t\t\t<\/div>\n\t\t\t\t<div class=\"elementor-element elementor-element-d6a829b elementor-widget elementor-widget-heading\" data-id=\"d6a829b\" data-element_type=\"widget\" data-widget_type=\"heading.default\">\n\t\t\t\t<div class=\"elementor-widget-container\">\n\t\t\t\t\t<h2 class=\"elementor-heading-title elementor-size-default\">9. Limiti di Responsabilit\u00e0\u2028<\/h2>\t\t\t\t<\/div>\n\t\t\t\t<\/div>\n\t\t\t\t<div class=\"elementor-element elementor-element-49f7b42 elementor-widget elementor-widget-text-editor\" data-id=\"49f7b42\" data-element_type=\"widget\" data-widget_type=\"text-editor.default\">\n\t\t\t\t<div class=\"elementor-widget-container\">\n\t\t\t\t\t\t\t\t\t<p class=\"p1\">Il Ristoratore non \u00e8 responsabile per danni o ritardi causati da malfunzionamenti del sito o da eventi al di fuori del proprio controllo. Qualora riconosciuta responsabile, la massima indennizzabilit\u00e0 \u00e8 pari all\u2019importo effettivamente corrisposto per l\u2019ordine in oggetto.<\/p>\t\t\t\t\t\t\t\t<\/div>\n\t\t\t\t<\/div>\n\t\t\t\t<div class=\"elementor-element elementor-element-1f6e9bd elementor-widget elementor-widget-heading\" data-id=\"1f6e9bd\" data-element_type=\"widget\" data-widget_type=\"heading.default\">\n\t\t\t\t<div class=\"elementor-widget-container\">\n\t\t\t\t\t<h2 class=\"elementor-heading-title elementor-size-default\">10. Variazioni alle Condizioni\u2028<\/h2>\t\t\t\t<\/div>\n\t\t\t\t<\/div>\n\t\t\t\t<div class=\"elementor-element elementor-element-bef6087 elementor-widget elementor-widget-text-editor\" data-id=\"bef6087\" data-element_type=\"widget\" data-widget_type=\"text-editor.default\">\n\t\t\t\t<div class=\"elementor-widget-container\">\n\t\t\t\t\t\t\t\t\t<p class=\"p1\">Il Ristoratore pu\u00f2 modificare in qualsiasi momento questi Termini, pubblicando le versioni aggiornate sul sito. Le modifiche non si applicano agli ordini gi\u00e0 confermati via e-mail.<\/p>\t\t\t\t\t\t\t\t<\/div>\n\t\t\t\t<\/div>\n\t\t\t\t<div class=\"elementor-element elementor-element-670cff8 elementor-widget elementor-widget-heading\" data-id=\"670cff8\" data-element_type=\"widget\" data-widget_type=\"heading.default\">\n\t\t\t\t<div class=\"elementor-widget-container\">\n\t\t\t\t\t<h2 class=\"elementor-heading-title elementor-size-default\">11. Sospensione e Risoluzione del Servizio\u2028<\/h2>\t\t\t\t<\/div>\n\t\t\t\t<\/div>\n\t\t\t\t<div class=\"elementor-element elementor-element-8a8791a elementor-widget elementor-widget-text-editor\" data-id=\"8a8791a\" data-element_type=\"widget\" data-widget_type=\"text-editor.default\">\n\t\t\t\t<div class=\"elementor-widget-container\">\n\t\t\t\t\t\t\t\t\t<p class=\"p1\">L\u2019utilizzo scorretto del sito o del Servizio comporta l\u2019immediato blocco dell\u2019accesso, avvisi scritti e, se del caso, azioni legali per il recupero di eventuali danni e costi.<\/p>\t\t\t\t\t\t\t\t<\/div>\n\t\t\t\t<\/div>\n\t\t\t\t\t<\/div>\n\t\t\t\t<\/div>\n\t\t\t\t<\/div>\n\t\t","protected":false},"excerpt":{"rendered":"<p>Termini e condizioni 1. Accettazione delle Condizioni L\u2019accesso al sito e l\u2019inoltro di qualsiasi ordine implicano l\u2019accettazione integrale delle presenti Condizioni Generali, in aggiunta alle norme del Codice del Consumo (D.L. 6 settembre 2005, n. 206 e ss.mm.ii.). Si invita l\u2019utente a prenderne visione prima di procedere. 2. Descrizione del Servizio\u2028 La piattaforma consente di [&hellip;]<\/p>\n","protected":false},"author":1,"featured_media":0,"parent":0,"menu_order":0,"comment_status":"closed","ping_status":"closed","template":"","meta":{"footnotes":""},"class_list":["post-269","page","type-page","status-publish","hentry"],"yoast_head":"<!-- This site is optimized with the Yoast SEO plugin v25.2 - https:\/\/yoast.com\/wordpress\/plugins\/seo\/ -->\n<title>Termini e condizioni - LOM - Dopolavoro<\/title>\n<meta name=\"robots\" content=\"index, follow, max-snippet:-1, max-image-preview:large, max-video-preview:-1\" \/>\n<link rel=\"canonical\" href=\"https:\/\/lomdopolavoro.com\/it\/termini-e-condizioni\/\" \/>\n<meta property=\"og:locale\" content=\"it_IT\" \/>\n<meta property=\"og:type\" content=\"article\" \/>\n<meta property=\"og:title\" content=\"Termini e condizioni - LOM - Dopolavoro\" \/>\n<meta property=\"og:description\" content=\"Termini e condizioni 1. Accettazione delle Condizioni L\u2019accesso al sito e l\u2019inoltro di qualsiasi ordine implicano l\u2019accettazione integrale delle presenti Condizioni Generali, in aggiunta alle norme del Codice del Consumo (D.L. 6 settembre 2005, n. 206 e ss.mm.ii.). Si invita l\u2019utente a prenderne visione prima di procedere. 2. Descrizione del Servizio\u2028 La piattaforma consente di [&hellip;]\" \/>\n<meta property=\"og:url\" content=\"https:\/\/lomdopolavoro.com\/it\/termini-e-condizioni\/\" \/>\n<meta property=\"og:site_name\" content=\"LOM - Dopolavoro\" \/>\n<meta property=\"article:modified_time\" content=\"2025-05-28T09:45:34+00:00\" \/>\n<meta name=\"twitter:card\" content=\"summary_large_image\" \/>\n<meta name=\"twitter:label1\" content=\"Tempo di lettura stimato\" \/>\n\t<meta name=\"twitter:data1\" content=\"3 minuti\" \/>\n<script type=\"application\/ld+json\" class=\"yoast-schema-graph\">{\"@context\":\"https:\/\/schema.org\",\"@graph\":[{\"@type\":\"WebPage\",\"@id\":\"https:\/\/lomdopolavoro.com\/it\/termini-e-condizioni\/\",\"url\":\"https:\/\/lomdopolavoro.com\/it\/termini-e-condizioni\/\",\"name\":\"Termini e condizioni - LOM - Dopolavoro\",\"isPartOf\":{\"@id\":\"https:\/\/lomdopolavoro.com\/it\/#website\"},\"datePublished\":\"2025-05-28T09:36:26+00:00\",\"dateModified\":\"2025-05-28T09:45:34+00:00\",\"breadcrumb\":{\"@id\":\"https:\/\/lomdopolavoro.com\/it\/termini-e-condizioni\/#breadcrumb\"},\"inLanguage\":\"it-IT\",\"potentialAction\":[{\"@type\":\"ReadAction\",\"target\":[\"https:\/\/lomdopolavoro.com\/it\/termini-e-condizioni\/\"]}]},{\"@type\":\"BreadcrumbList\",\"@id\":\"https:\/\/lomdopolavoro.com\/it\/termini-e-condizioni\/#breadcrumb\",\"itemListElement\":[{\"@type\":\"ListItem\",\"position\":1,\"name\":\"Home\",\"item\":\"https:\/\/lomdopolavoro.com\/it\/\"},{\"@type\":\"ListItem\",\"position\":2,\"name\":\"Termini e condizioni\"}]},{\"@type\":\"WebSite\",\"@id\":\"https:\/\/lomdopolavoro.com\/it\/#website\",\"url\":\"https:\/\/lomdopolavoro.com\/it\/\",\"name\":\"LOM - Dopolavoro\",\"description\":\"\",\"publisher\":{\"@id\":\"https:\/\/lomdopolavoro.com\/it\/#organization\"},\"potentialAction\":[{\"@type\":\"SearchAction\",\"target\":{\"@type\":\"EntryPoint\",\"urlTemplate\":\"https:\/\/lomdopolavoro.com\/it\/?s={search_term_string}\"},\"query-input\":{\"@type\":\"PropertyValueSpecification\",\"valueRequired\":true,\"valueName\":\"search_term_string\"}}],\"inLanguage\":\"it-IT\"},{\"@type\":\"Organization\",\"@id\":\"https:\/\/lomdopolavoro.com\/it\/#organization\",\"name\":\"LOM - Dopolavoro\",\"url\":\"https:\/\/lomdopolavoro.com\/it\/\",\"logo\":{\"@type\":\"ImageObject\",\"inLanguage\":\"it-IT\",\"@id\":\"https:\/\/lomdopolavoro.com\/it\/#\/schema\/logo\/image\/\",\"url\":\"https:\/\/lomdopolavoro.com\/wp-content\/uploads\/2025\/04\/logo.svg\",\"contentUrl\":\"https:\/\/lomdopolavoro.com\/wp-content\/uploads\/2025\/04\/logo.svg\",\"width\":100,\"height\":100,\"caption\":\"LOM - Dopolavoro\"},\"image\":{\"@id\":\"https:\/\/lomdopolavoro.com\/it\/#\/schema\/logo\/image\/\"},\"sameAs\":[\"https:\/\/www.instagram.com\/lomdopolavoro\/\",\"https:\/\/www.tiktok.com\/@lom.dopolavoro?_t=ZN-8wLTtI4S8yE&_r=1\"]}]}<\/script>\n<!-- \/ Yoast SEO plugin. -->","yoast_head_json":{"title":"Termini e condizioni - LOM - Dopolavoro","robots":{"index":"index","follow":"follow","max-snippet":"max-snippet:-1","max-image-preview":"max-image-preview:large","max-video-preview":"max-video-preview:-1"},"canonical":"https:\/\/lomdopolavoro.com\/it\/termini-e-condizioni\/","og_locale":"it_IT","og_type":"article","og_title":"Termini e condizioni - LOM - Dopolavoro","og_description":"Termini e condizioni 1. Accettazione delle Condizioni L\u2019accesso al sito e l\u2019inoltro di qualsiasi ordine implicano l\u2019accettazione integrale delle presenti Condizioni Generali, in aggiunta alle norme del Codice del Consumo (D.L. 6 settembre 2005, n. 206 e ss.mm.ii.). Si invita l\u2019utente a prenderne visione prima di procedere. 2. Descrizione del Servizio\u2028 La piattaforma consente di [&hellip;]","og_url":"https:\/\/lomdopolavoro.com\/it\/termini-e-condizioni\/","og_site_name":"LOM - Dopolavoro","article_modified_time":"2025-05-28T09:45:34+00:00","twitter_card":"summary_large_image","twitter_misc":{"Tempo di lettura stimato":"3 minuti"},"schema":{"@context":"https:\/\/schema.org","@graph":[{"@type":"WebPage","@id":"https:\/\/lomdopolavoro.com\/it\/termini-e-condizioni\/","url":"https:\/\/lomdopolavoro.com\/it\/termini-e-condizioni\/","name":"Termini e condizioni - LOM - Dopolavoro","isPartOf":{"@id":"https:\/\/lomdopolavoro.com\/it\/#website"},"datePublished":"2025-05-28T09:36:26+00:00","dateModified":"2025-05-28T09:45:34+00:00","breadcrumb":{"@id":"https:\/\/lomdopolavoro.com\/it\/termini-e-condizioni\/#breadcrumb"},"inLanguage":"it-IT","potentialAction":[{"@type":"ReadAction","target":["https:\/\/lomdopolavoro.com\/it\/termini-e-condizioni\/"]}]},{"@type":"BreadcrumbList","@id":"https:\/\/lomdopolavoro.com\/it\/termini-e-condizioni\/#breadcrumb","itemListElement":[{"@type":"ListItem","position":1,"name":"Home","item":"https:\/\/lomdopolavoro.com\/it\/"},{"@type":"ListItem","position":2,"name":"Termini e condizioni"}]},{"@type":"WebSite","@id":"https:\/\/lomdopolavoro.com\/it\/#website","url":"https:\/\/lomdopolavoro.com\/it\/","name":"LOM - Dopolavoro","description":"","publisher":{"@id":"https:\/\/lomdopolavoro.com\/it\/#organization"},"potentialAction":[{"@type":"SearchAction","target":{"@type":"EntryPoint","urlTemplate":"https:\/\/lomdopolavoro.com\/it\/?s={search_term_string}"},"query-input":{"@type":"PropertyValueSpecification","valueRequired":true,"valueName":"search_term_string"}}],"inLanguage":"it-IT"},{"@type":"Organization","@id":"https:\/\/lomdopolavoro.com\/it\/#organization","name":"LOM - Dopolavoro","url":"https:\/\/lomdopolavoro.com\/it\/","logo":{"@type":"ImageObject","inLanguage":"it-IT","@id":"https:\/\/lomdopolavoro.com\/it\/#\/schema\/logo\/image\/","url":"https:\/\/lomdopolavoro.com\/wp-content\/uploads\/2025\/04\/logo.svg","contentUrl":"https:\/\/lomdopolavoro.com\/wp-content\/uploads\/2025\/04\/logo.svg","width":100,"height":100,"caption":"LOM - Dopolavoro"},"image":{"@id":"https:\/\/lomdopolavoro.com\/it\/#\/schema\/logo\/image\/"},"sameAs":["https:\/\/www.instagram.com\/lomdopolavoro\/","https:\/\/www.tiktok.com\/@lom.dopolavoro?_t=ZN-8wLTtI4S8yE&_r=1"]}]}},"_links":{"self":[{"href":"https:\/\/lomdopolavoro.com\/it\/wp-json\/wp\/v2\/pages\/269","targetHints":{"allow":["GET"]}}],"collection":[{"href":"https:\/\/lomdopolavoro.com\/it\/wp-json\/wp\/v2\/pages"}],"about":[{"href":"https:\/\/lomdopolavoro.com\/it\/wp-json\/wp\/v2\/types\/page"}],"author":[{"embeddable":true,"href":"https:\/\/lomdopolavoro.com\/it\/wp-json\/wp\/v2\/users\/1"}],"replies":[{"embeddable":true,"href":"https:\/\/lomdopolavoro.com\/it\/wp-json\/wp\/v2\/comments?post=269"}],"version-history":[{"count":0,"href":"https:\/\/lomdopolavoro.com\/it\/wp-json\/wp\/v2\/pages\/269\/revisions"}],"wp:attachment":[{"href":"https:\/\/lomdopolavoro.com\/it\/wp-json\/wp\/v2\/media?parent=269"}],"curies":[{"name":"wp","href":"https:\/\/api.w.org\/{rel}","templated":true}]}}